{"id":23467,"date":"2021-10-01T15:47:28","date_gmt":"2021-10-01T22:47:28","guid":{"rendered":"https:\/\/santamonicahistory.org\/bkp\/?page_id=23467"},"modified":"2022-02-09T08:08:01","modified_gmt":"2022-02-09T16:08:01","slug":"remembering-santa-monica","status":"publish","type":"page","link":"https:\/\/santamonicahistory.org\/bkp\/remembering-santa-monica\/","title":{"rendered":"Remembering Santa Monica"},"content":{"rendered":"<!--themify_builder_content-->\n<div id=\"themify_builder_content-23467\" data-postid=\"23467\" class=\"themify_builder_content themify_builder_content-23467 themify_builder tf_clear\">\n    \t<!-- module_row -->\n\t<div  data-lazy=\"1\" class=\"module_row themify_builder_row repeat tb_01pp567 tb_first tf_clearfix\" >\n\t    \t\t<div class=\"row_inner col_align_middle gutter-narrow col_auto_height col-count-1 tf_box tf_w tf_rel\"  data-basecol=\"1\" data-col_mobile=\"column-full\">\n\t\t\t<div  data-lazy=\"1\" class=\"module_column tb-column col-full first tb_9aov571 tf_box\">\n\t\t\t    \t        <div class=\"tb-column-inner tf_box tf_w\">\n\t\t    <!-- module fancy heading -->\n<div  class=\"module module-fancy-heading tb_eqto572 page-title-hide-sub-head tb_hide_divider\" data-lazy=\"1\">\n        <h1 class=\"fancy-heading\">\n    <span class=\"main-head tf_block\">\n\t\t\t\t\tRemembering Santa Monica\t\t    <\/span>\n\n\t\n    <span class=\"sub-head tf_block tf_rel\">\n\t\t\t\t\t\t\t    <\/span>\n    <\/h1>\n<\/div>\n<!-- \/module fancy heading -->\n\t        <\/div>\n\t    \t<\/div>\n\t\t    <\/div>\n\t    <!-- \/row_inner -->\n\t<\/div>\n\t<!-- \/module_row -->\n\t\t<!-- module_row -->\n\t<div  data-lazy=\"1\" class=\"module_row themify_builder_row repeat tb_t565335 tf_clearfix\" >\n\t    \t\t<div class=\"row_inner col_align_top col-count-2 tf_box tf_w tf_rel\"  data-basecol=\"2\" data-col_mobile=\"column-full\">\n\t\t\t<div  data-lazy=\"1\" style=\"width: 29.5%\" class=\"module_column tb-column col4-2 first tb_zwf3335 tf_box\">\n\t\t\t    \t        <div class=\"tb-column-inner tf_box tf_w\">\n\t\t    <!-- module image -->\n<div  class=\"module module-image tb_3vrv336   image-right auto_fullwidth tf_mw\" data-lazy=\"1\" id=\"IMG1-3-2-2\">\n        <div class=\"image-wrap tf_rel tf_mw\">\n\t\t    <img loading=\"lazy\" decoding=\"async\" width=\"300\" height=\"300\" src=\"https:\/\/santamonicahistory.org\/bkp\/wp-content\/uploads\/2021\/05\/program_remembering_sm.png\" class=\"wp-post-image wp-image-15108\" title=\"program_remembering_sm\" alt=\"program_remembering_sm\" srcset=\"https:\/\/santamonicahistory.org\/bkp\/wp-content\/uploads\/2021\/05\/program_remembering_sm.png 300w, https:\/\/santamonicahistory.org\/bkp\/wp-content\/uploads\/2021\/05\/program_remembering_sm-100x100.png 100w, https:\/\/santamonicahistory.org\/bkp\/wp-content\/uploads\/2021\/05\/program_remembering_sm-150x150.png 150w, https:\/\/santamonicahistory.org\/bkp\/wp-content\/uploads\/2021\/05\/program_remembering_sm-250x250.png 250w\" sizes=\"auto, (max-width: 300px) 100vw, 300px\" \/>\t\n\t\t<\/div>\n\t<!-- \/image-wrap -->\n    \n    \t<\/div>\n<!-- \/module image --><!-- module image -->\n<div  class=\"module module-image tb_8io2710   image-right auto_fullwidth tf_mw hide-desktop hide-tablet hide-tablet_landscape hide-mobile\" data-lazy=\"1\" id=\"IMG1-3-2-2-2\">\n        <div class=\"image-wrap tf_rel tf_mw\">\n\t\t    <img loading=\"lazy\" decoding=\"async\" width=\"1500\" height=\"500\" src=\"https:\/\/santamonicahistory.org\/bkp\/wp-content\/uploads\/2020\/04\/smhm_remembering_generic.jpg\" class=\"wp-post-image wp-image-11697\" title=\"Remembering Santa Monica\" alt=\"Remembering Santa Monica\" srcset=\"https:\/\/santamonicahistory.org\/bkp\/wp-content\/uploads\/2020\/04\/smhm_remembering_generic.jpg 1500w, https:\/\/santamonicahistory.org\/bkp\/wp-content\/uploads\/2020\/04\/smhm_remembering_generic-300x100.jpg 300w, https:\/\/santamonicahistory.org\/bkp\/wp-content\/uploads\/2020\/04\/smhm_remembering_generic-350x117.jpg 350w, https:\/\/santamonicahistory.org\/bkp\/wp-content\/uploads\/2020\/04\/smhm_remembering_generic-1024x341.jpg 1024w, https:\/\/santamonicahistory.org\/bkp\/wp-content\/uploads\/2020\/04\/smhm_remembering_generic-768x256.jpg 768w\" sizes=\"auto, (max-width: 1500px) 100vw, 1500px\" \/>\t\n\t\t<\/div>\n\t<!-- \/image-wrap -->\n    \n    \t<\/div>\n<!-- \/module image -->\t        <\/div>\n\t    \t<\/div>\n\t\t<div  data-lazy=\"1\" style=\"width: 67.3%\" class=\"module_column tb-column col4-2 last tb_bapz734 tf_box\">\n\t\t\t    \t        <div class=\"tb-column-inner tf_box tf_w\">\n\t\t    <!-- module text -->\n<div  class=\"module module-text tb_5tg0577   \" data-lazy=\"1\">\n        <div  class=\"tb_text_wrap\">\n    <p>A group meeting focused on documenting memories of Santa Monica<\/p>    <\/div>\n<\/div>\n<!-- \/module text --><!-- module text -->\n<div  class=\"module module-text tb_rab0496  repeat \" data-lazy=\"1\">\n        <div  class=\"tb_text_wrap\">\n    <p>If you would like to share your memories or are interested in learning more about local Santa Monica history, we invite you to attend our <strong>Remembering Santa Monica<\/strong> monthly group meeting.\u00a0<\/p>    <\/div>\n<\/div>\n<!-- \/module text --><!-- module text -->\n<div  class=\"module module-text tb_61jp798  repeat \" data-lazy=\"1\">\n        <div  class=\"tb_text_wrap\">\n    <p><strong>Special Note:<\/strong> All meetings are recorded for our oral history program and each attendee will be asked to sign a video and photo release.<\/p>    <\/div>\n<\/div>\n<!-- \/module text -->\t        <\/div>\n\t    \t<\/div>\n\t\t    <\/div>\n\t    <!-- \/row_inner -->\n\t<\/div>\n\t<!-- \/module_row -->\n\t\t<!-- module_row -->\n\t<div  data-lazy=\"1\" class=\"module_row themify_builder_row tb_d8ma568 tf_clearfix\" >\n\t    \t\t<div class=\"row_inner col_align_top col-count-1 tf_box tf_w tf_rel\">\n\t\t\t<div  data-lazy=\"1\" class=\"module_column tb-column col-full first tb_lhri581 tf_box\">\n\t\t\t    \t        <div class=\"tb-column-inner tf_box tf_w\">\n\t\t    <!-- module text -->\n<div  class=\"module module-text tb_qzxj123  repeat \" data-lazy=\"1\">\n        <div  class=\"tb_text_wrap\">\n    <hr \/><p><strong>WHEN: <\/strong>\u00a0\u00a0\u00a0 TBA<br \/><strong>WHERE:\u00a0\u00a0<\/strong> Santa Monica History Museum<\/p><p><strong>Speaker:\u00a0 <\/strong>TBA<\/p><p><strong>RSVP<\/strong><strong>\u00a0<\/strong><strong>is required to attend this event.<\/strong><\/p><p><strong>RSVP\u00a0<\/strong>by phone <a href=\"tel:+3103952290\">310.395.2290<\/a> or email us at\u00a0<a style=\"font-family: 'Open Sans';\" href=\"mailto:rsvp@santamonicahistory.org?subject=Remembering%20Santa%20Monica%20Group%20Meeting\" target=\"_blank\" rel=\"noopener\">rsvp@santamonicahistory.org<\/a><\/p><hr \/>    <\/div>\n<\/div>\n<!-- \/module text -->\t        <\/div>\n\t    \t<\/div>\n\t\t    <\/div>\n\t    <!-- \/row_inner -->\n\t<\/div>\n\t<!-- \/module_row -->\n\t\t<!-- module_row -->\n\t<div  data-css_id=\"6lzf568\" data-lazy=\"1\" class=\"module_row themify_builder_row fullwidth tb_6lzf568 tf_clearfix\" >\n\t    \t\t<div class=\"row_inner col_align_top col-count-1 tf_box tf_w tf_rel\">\n\t\t\t<div  data-lazy=\"1\" class=\"module_column tb-column col-full first tb_sz3a586 tf_box\">\n\t\t\t    \t        <div class=\"tb-column-inner tf_box tf_w\">\n\t\t    <!-- module template_part -->\n<div  class=\"module module-layout-part tb_zwl6587 \">\n    <div class=\"tb_layout_part_wrap tf_w\"><!--themify_builder_content-->\n    <div  class=\"themify_builder_content themify_builder_content-16855 themify_builder not_editable_builder in_the_loop\" data-postid=\"16855\">\n        \t<!-- module_row -->\n\t<div  data-css_id=\"0qhr785\" data-lazy=\"1\" class=\"module_row themify_builder_row repeat fullwidth tb_0qhr785 tf_clearfix\" >\n\t    <div class=\"tb_row_frame_wrap tf_overflow tf_abs\" data-lazy=\"1\"><div class=\"tb_row_frame tb_row_frame_bottom  tf_abs tf_hide tf_overflow tf_w\"><\/div><\/div>\t\t<div class=\"row_inner col_align_top col-count-1 tf_box tf_w tf_rel\"  data-basecol=\"1\" data-col_mobile=\"column-full\">\n\t\t\t<div  data-lazy=\"1\" class=\"module_column tb-column col-full first tb_ra03788 tf_box\">\n\t\t\t    \t<\/div>\n\t\t    <\/div>\n\t    <!-- \/row_inner -->\n\t<\/div>\n\t<!-- \/module_row -->\n\t\t<!-- module_row -->\n\t<div  data-css_id=\"14rv967\" data-lazy=\"1\" class=\"module_row themify_builder_row fullwidth tb_14rv967 tf_clearfix\" >\n\t    <div class=\"tb_row_frame_wrap tf_overflow tf_abs\" data-lazy=\"1\"><div class=\"tb_row_frame tb_row_frame_top  tf_abs tf_hide tf_overflow tf_w\"><\/div><\/div>\t\t<div class=\"row_inner col_align_top gutter-narrow col-count-1 tf_box tf_w tf_rel\">\n\t\t\t<div  data-lazy=\"1\" class=\"module_column tb-column col-full first tb_e1il969 best-fit-image tf_box\">\n\t\t\t    \t<\/div>\n\t\t    <\/div>\n\t    <!-- \/row_inner -->\n\t<\/div>\n\t<!-- \/module_row -->\n\t    <\/div>\n<!--\/themify_builder_content--><\/div>\n<\/div>\n<!-- \/module template_part -->\n\t        <\/div>\n\t    \t<\/div>\n\t\t    <\/div>\n\t    <!-- \/row_inner -->\n\t<\/div>\n\t<!-- \/module_row -->\n\t\t<!-- module_row -->\n\t<div  data-css_id=\"oh8h568\" data-lazy=\"1\" class=\"module_row themify_builder_row fullwidth tb_oh8h568 tf_clearfix\" >\n\t    \t\t<div class=\"row_inner col_align_top col-count-1 tf_box tf_w tf_rel\">\n\t\t\t<div  data-lazy=\"1\" class=\"module_column tb-column col-full first tb_1k4l591 tf_box\">\n\t\t\t    \t        <div class=\"tb-column-inner tf_box tf_w\">\n\t\t    <!-- module template_part -->\n<div  class=\"module module-layout-part tb_3rm4590 \">\n    <div class=\"tb_layout_part_wrap tf_w\"><!--themify_builder_content-->\n    <div  class=\"themify_builder_content themify_builder_content-11106 themify_builder not_editable_builder in_the_loop\" data-postid=\"11106\">\n        \t<!-- module_row -->\n\t<div  data-lazy=\"1\" class=\"module_row themify_builder_row repeat tb_5dch894 tf_clearfix\" >\n\t    \t\t<div class=\"row_inner col_align_top col-count-2 tf_box tf_w tf_rel\"  data-mobile_dir=\"rtl\" data-basecol=\"2\" data-col_mobile=\"column-full\">\n\t\t\t<div  data-lazy=\"1\" class=\"module_column tb-column col4-2 first tb_u2hi894 tf_box\">\n\t\t\t    \t        <div class=\"tb-column-inner tf_box tf_w\">\n\t\t    <!-- module image -->\n<div  class=\"module module-image tb_btx3897   image-top tf_mw hide-desktop hide-tablet hide-tablet_landscape hide-mobile\" data-lazy=\"1\">\n        <div class=\"image-wrap tf_rel tf_mw\">\n\t\t    <img loading=\"lazy\" decoding=\"async\" width=\"1080\" height=\"1080\" src=\"https:\/\/santamonicahistory.org\/bkp\/wp-content\/uploads\/2022\/10\/REV-social-orange-revised-No-logo-or-hours.png\" class=\"wp-post-image wp-image-30954\" title=\"Dia De Los Muertos Pop-Up Exhibition\" alt=\"Dia De Los Muertos Pop-Up Exhibition Dates and list of High Schools that created the alters\" srcset=\"https:\/\/santamonicahistory.org\/bkp\/wp-content\/uploads\/2022\/10\/REV-social-orange-revised-No-logo-or-hours.png 1080w, https:\/\/santamonicahistory.org\/bkp\/wp-content\/uploads\/2022\/10\/REV-social-orange-revised-No-logo-or-hours-300x300.png 300w, https:\/\/santamonicahistory.org\/bkp\/wp-content\/uploads\/2022\/10\/REV-social-orange-revised-No-logo-or-hours-1024x1024.png 1024w, https:\/\/santamonicahistory.org\/bkp\/wp-content\/uploads\/2022\/10\/REV-social-orange-revised-No-logo-or-hours-150x150.png 150w, https:\/\/santamonicahistory.org\/bkp\/wp-content\/uploads\/2022\/10\/REV-social-orange-revised-No-logo-or-hours-768x768.png 768w, https:\/\/santamonicahistory.org\/bkp\/wp-content\/uploads\/2022\/10\/REV-social-orange-revised-No-logo-or-hours-350x350.png 350w, https:\/\/santamonicahistory.org\/bkp\/wp-content\/uploads\/2022\/10\/REV-social-orange-revised-No-logo-or-hours-100x100.png 100w\" sizes=\"auto, (max-width: 1080px) 100vw, 1080px\" \/>\t\n\t\t<\/div>\n\t<!-- \/image-wrap -->\n    \n    \t<\/div>\n<!-- \/module image -->\t        <\/div>\n\t    \t<\/div>\n\t\t<div  data-lazy=\"1\" class=\"module_column tb-column col4-2 last tb_lcz3897 tf_box\">\n\t\t\t    \t        <div class=\"tb-column-inner tf_box tf_w\">\n\t\t    <!-- module text -->\n<div  class=\"module module-text tb_ibt2739    hide-desktop hide-tablet hide-tablet_landscape hide-mobile\" data-lazy=\"1\">\n        <div  class=\"tb_text_wrap\">\n    <p style=\"font-size: 20px;\"><strong><span style=\"color: #993300; font-size: 32px;\"><span style=\"vertical-align: inherit;\"><span style=\"vertical-align: inherit;\"><span style=\"vertical-align: inherit;\"><span style=\"vertical-align: inherit;\">D\u00eda de los Muertos<\/span><\/span><\/span><\/span><\/span><\/strong><\/p>\n<p style=\"font-size: 18px;\"><span style=\"vertical-align: inherit;\"><span style=\"vertical-align: inherit;\">El Museo de Historia de Santa M\u00f3nica (SMHM en sus siglas en ingl\u00e9s) recibe a estudiantes de las escuelas secundarias de Santa M\u00f3nica, University, Venice, y Culver City mientras celebramos el D\u00eda de los Muertos.<\/span><\/span><\/p>\n<p style=\"font-size: 18px;\"><span style=\"vertical-align: inherit;\"><span style=\"vertical-align: inherit;\">The Santa Monica Museum of History (SMHM) welcomes students from Santa Monica, University, Venice, and Culver City high schools as we celebrate D\u00eda de los Muertos.<\/span><\/span><\/p>    <\/div>\n<\/div>\n<!-- \/module text --><!-- module buttons -->\n<div  class=\"module module-buttons tb_cl60890 buttons-horizontal solid  hide-desktop hide-tablet hide-tablet_landscape hide-mobile\" data-lazy=\"1\">\n    \t<div class=\"module-buttons-item tf_inline_b\">\n\t\t\t\t\t\t\t<a href=\"\/events\/popup\/day-of-the-dead\/\" class=\"ui builder_button tb_default_color\" target=\"_blank\" rel=\"noopener\">\n\t\t\t\t\t\t\t\t\t\t\t<span class=\"tf_inline_b tf_vmiddle\">learn more<\/span>\n\t\t\t\t\t\t\t\t\t\t\t<\/a>\n\t\t\t    \t<\/div>\n\t<\/div>\n<!-- \/module buttons -->\n\t        <\/div>\n\t    \t<\/div>\n\t\t    <\/div>\n\t    <!-- \/row_inner -->\n\t<\/div>\n\t<!-- \/module_row -->\n\t    <\/div>\n<!--\/themify_builder_content--><\/div>\n<\/div>\n<!-- \/module template_part -->\n\t        <\/div>\n\t    \t<\/div>\n\t\t    <\/div>\n\t    <!-- \/row_inner -->\n\t<\/div>\n\t<!-- \/module_row -->\n\t<\/div>\n<!--\/themify_builder_content-->","protected":false},"excerpt":{"rendered":"<p>Our Remembering Santa Monica event is a FREE monthly gathering to share stories about Santa Monica.  All are welcome and reservations are required. Seats fill up quickly. This is a recorded event.<\/p>\n","protected":false},"author":4,"featured_media":0,"parent":0,"menu_order":0,"comment_status":"closed","ping_status":"closed","template":"","meta":{"_seopress_robots_primary_cat":"","_seopress_titles_title":"","_seopress_titles_desc":"","_seopress_robots_index":"","_crdt_document":"","_monsterinsights_skip_tracking":false,"_monsterinsights_sitenote_active":false,"_monsterinsights_sitenote_note":"","_monsterinsights_sitenote_category":0,"footnotes":"","_links_to":"","_links_to_target":""},"categories":[59],"tags":[],"class_list":["post-23467","page","type-page","status-publish","hentry","category-site-pages","has-post-title","has-post-date","has-post-category","has-post-tag","has-post-comment","has-post-author",""],"acf":[],"_links":{"self":[{"href":"https:\/\/santamonicahistory.org\/bkp\/wp-json\/wp\/v2\/pages\/23467","targetHints":{"allow":["GET"]}}],"collection":[{"href":"https:\/\/santamonicahistory.org\/bkp\/wp-json\/wp\/v2\/pages"}],"about":[{"href":"https:\/\/santamonicahistory.org\/bkp\/wp-json\/wp\/v2\/types\/page"}],"author":[{"embeddable":true,"href":"https:\/\/santamonicahistory.org\/bkp\/wp-json\/wp\/v2\/users\/4"}],"replies":[{"embeddable":true,"href":"https:\/\/santamonicahistory.org\/bkp\/wp-json\/wp\/v2\/comments?post=23467"}],"version-history":[{"count":6,"href":"https:\/\/santamonicahistory.org\/bkp\/wp-json\/wp\/v2\/pages\/23467\/revisions"}],"predecessor-version":[{"id":28760,"href":"https:\/\/santamonicahistory.org\/bkp\/wp-json\/wp\/v2\/pages\/23467\/revisions\/28760"}],"wp:attachment":[{"href":"https:\/\/santamonicahistory.org\/bkp\/wp-json\/wp\/v2\/media?parent=23467"}],"wp:term":[{"taxonomy":"category","embeddable":true,"href":"https:\/\/santamonicahistory.org\/bkp\/wp-json\/wp\/v2\/categories?post=23467"},{"taxonomy":"post_tag","embeddable":true,"href":"https:\/\/santamonicahistory.org\/bkp\/wp-json\/wp\/v2\/tags?post=23467"}],"curies":[{"name":"wp","href":"https:\/\/api.w.org\/{rel}","templated":true}]}}